{"id":74,"date":"2022-07-30T22:52:44","date_gmt":"2022-07-30T22:52:44","guid":{"rendered":"https:\/\/luuaideas.com\/?page_id=74"},"modified":"2022-08-01T03:41:45","modified_gmt":"2022-08-01T03:41:45","slug":"productos","status":"publish","type":"page","link":"https:\/\/luuaideas.com\/index.php\/productos\/","title":{"rendered":"PRODUCTOS"},"content":{"rendered":"\t\t<div data-elementor-type=\"wp-page\" data-elementor-id=\"74\" class=\"elementor elementor-74\">\n\t\t\t\t\t\t\t\t\t<section class=\"elementor-section elementor-top-section elementor-element elementor-element-9ea872e elementor-section-boxed elementor-section-height-default elementor-section-height-default\" data-id=\"9ea872e\" data-element_type=\"section\">\n\t\t\t\t\t\t<div class=\"elementor-container elementor-column-gap-default\">\n\t\t\t\t\t<div class=\"elementor-column elementor-col-33 elementor-top-column elementor-element elementor-element-26ec356 elementor-invisible\" data-id=\"26ec356\" data-element_type=\"column\" data-settings=\"{&quot;background_background&quot;:&quot;slideshow&quot;,&quot;background_slideshow_gallery&quot;:[{&quot;id&quot;:321,&quot;url&quot;:&quot;http:\\\/\\\/luuaideas.com\\\/wp-content\\\/uploads\\\/2022\\\/08\\\/4BO.png&quot;},{&quot;id&quot;:320,&quot;url&quot;:&quot;http:\\\/\\\/luuaideas.com\\\/wp-content\\\/uploads\\\/2022\\\/08\\\/3BO.png&quot;},{&quot;id&quot;:324,&quot;url&quot;:&quot;http:\\\/\\\/luuaideas.com\\\/wp-content\\\/uploads\\\/2022\\\/08\\\/6BO.png&quot;},{&quot;id&quot;:323,&quot;url&quot;:&quot;http:\\\/\\\/luuaideas.com\\\/wp-content\\\/uploads\\\/2022\\\/08\\\/5BO.png&quot;}],&quot;animation&quot;:&quot;fadeInRight&quot;,&quot;background_slideshow_loop&quot;:&quot;yes&quot;,&quot;background_slideshow_slide_duration&quot;:5000,&quot;background_slideshow_slide_transition&quot;:&quot;fade&quot;,&quot;background_slideshow_transition_duration&quot;:500}\">\n\t\t\t<div class=\"elementor-widget-wrap elementor-element-populated\">\n\t\t\t\t\t\t\t\t<div class=\"elementor-element elementor-element-1c547c8 elementor-widget elementor-widget-image\" data-id=\"1c547c8\" data-element_type=\"widget\" data-widget_type=\"image.default\">\n\t\t\t\t<div class=\"elementor-widget-container\">\n\t\t\t<style>\/*! elementor - v3.6.8 - 27-07-2022 *\/\n.elementor-widget-image{text-align:center}.elementor-widget-image a{display:inline-block}.elementor-widget-image a img[src$=\".svg\"]{width:48px}.elementor-widget-image img{vertical-align:middle;display:inline-block}<\/style>\t\t\t\t\t\t\t\t\t\t\t\t<img loading=\"lazy\" decoding=\"async\" width=\"1024\" height=\"325\" src=\"https:\/\/luuaideas.com\/wp-content\/uploads\/2022\/08\/BOCETEROS-1024x325.png\" class=\"attachment-large size-large\" alt=\"\" srcset=\"https:\/\/luuaideas.com\/wp-content\/uploads\/2022\/08\/BOCETEROS-1024x325.png 1024w, https:\/\/luuaideas.com\/wp-content\/uploads\/2022\/08\/BOCETEROS-300x95.png 300w, https:\/\/luuaideas.com\/wp-content\/uploads\/2022\/08\/BOCETEROS-768x243.png 768w, https:\/\/luuaideas.com\/wp-content\/uploads\/2022\/08\/BOCETEROS.png 1429w\" sizes=\"(max-width: 1024px) 100vw, 1024px\" \/>\t\t\t\t\t\t\t\t\t\t\t\t\t\t\t<\/div>\n\t\t\t\t<\/div>\n\t\t\t\t<div class=\"elementor-element elementor-element-b98feee elementor-widget elementor-widget-spacer\" data-id=\"b98feee\" data-element_type=\"widget\" data-widget_type=\"spacer.default\">\n\t\t\t\t<div class=\"elementor-widget-container\">\n\t\t\t<style>\/*! elementor - v3.6.8 - 27-07-2022 *\/\n.e-container.e-container--row .elementor-spacer-inner{width:var(--spacer-size)}.e-container.e-container--column .elementor-spacer-inner,.elementor-column .elementor-spacer-inner{height:var(--spacer-size)}<\/style>\t\t<div class=\"elementor-spacer\">\n\t\t\t<div class=\"elementor-spacer-inner\"><\/div>\n\t\t<\/div>\n\t\t\t\t<\/div>\n\t\t\t\t<\/div>\n\t\t\t\t<div class=\"elementor-element elementor-element-1b85188 elementor-align-center elementor-invisible elementor-widget elementor-widget-button\" data-id=\"1b85188\" data-element_type=\"widget\" data-settings=\"{&quot;_animation&quot;:&quot;fadeInUp&quot;}\" data-widget_type=\"button.default\">\n\t\t\t\t<div class=\"elementor-widget-container\">\n\t\t\t\t\t<div class=\"elementor-button-wrapper\">\n\t\t\t<a href=\"https:\/\/luuaideas.com\/index.php\/boceteros-cosidos\/\" target=\"_blank\" class=\"elementor-button-link elementor-button elementor-size-sm\" role=\"button\">\n\t\t\t\t\t\t<span class=\"elementor-button-content-wrapper\">\n\t\t\t\t\t\t<span class=\"elementor-button-text\">Ver m\u00e1s<\/span>\n\t\t<\/span>\n\t\t\t\t\t<\/a>\n\t\t<\/div>\n\t\t\t\t<\/div>\n\t\t\t\t<\/div>\n\t\t\t\t\t<\/div>\n\t\t<\/div>\n\t\t\t\t<div class=\"elementor-column elementor-col-33 elementor-top-column elementor-element elementor-element-434de3f elementor-invisible\" data-id=\"434de3f\" data-element_type=\"column\" data-settings=\"{&quot;background_background&quot;:&quot;slideshow&quot;,&quot;background_slideshow_gallery&quot;:[{&quot;id&quot;:342,&quot;url&quot;:&quot;http:\\\/\\\/luuaideas.com\\\/wp-content\\\/uploads\\\/2022\\\/08\\\/4.png&quot;},{&quot;id&quot;:341,&quot;url&quot;:&quot;http:\\\/\\\/luuaideas.com\\\/wp-content\\\/uploads\\\/2022\\\/08\\\/3.png&quot;},{&quot;id&quot;:340,&quot;url&quot;:&quot;http:\\\/\\\/luuaideas.com\\\/wp-content\\\/uploads\\\/2022\\\/08\\\/5.png&quot;}],&quot;animation&quot;:&quot;fadeInRight&quot;,&quot;background_slideshow_loop&quot;:&quot;yes&quot;,&quot;background_slideshow_slide_duration&quot;:5000,&quot;background_slideshow_slide_transition&quot;:&quot;fade&quot;,&quot;background_slideshow_transition_duration&quot;:500}\">\n\t\t\t<div class=\"elementor-widget-wrap elementor-element-populated\">\n\t\t\t\t\t\t\t\t<div class=\"elementor-element elementor-element-8b8a11d elementor-widget elementor-widget-image\" data-id=\"8b8a11d\" data-element_type=\"widget\" data-widget_type=\"image.default\">\n\t\t\t\t<div class=\"elementor-widget-container\">\n\t\t\t\t\t\t\t\t\t\t\t\t\t\t\t<img loading=\"lazy\" decoding=\"async\" width=\"1024\" height=\"325\" src=\"https:\/\/luuaideas.com\/wp-content\/uploads\/2022\/08\/cintas-1024x325.png\" class=\"attachment-large size-large\" alt=\"\" srcset=\"https:\/\/luuaideas.com\/wp-content\/uploads\/2022\/08\/cintas-1024x325.png 1024w, https:\/\/luuaideas.com\/wp-content\/uploads\/2022\/08\/cintas-300x95.png 300w, https:\/\/luuaideas.com\/wp-content\/uploads\/2022\/08\/cintas-768x243.png 768w, https:\/\/luuaideas.com\/wp-content\/uploads\/2022\/08\/cintas.png 1429w\" sizes=\"(max-width: 1024px) 100vw, 1024px\" \/>\t\t\t\t\t\t\t\t\t\t\t\t\t\t\t<\/div>\n\t\t\t\t<\/div>\n\t\t\t\t<div class=\"elementor-element elementor-element-a14e840 elementor-widget elementor-widget-spacer\" data-id=\"a14e840\" data-element_type=\"widget\" data-widget_type=\"spacer.default\">\n\t\t\t\t<div class=\"elementor-widget-container\">\n\t\t\t\t\t<div class=\"elementor-spacer\">\n\t\t\t<div class=\"elementor-spacer-inner\"><\/div>\n\t\t<\/div>\n\t\t\t\t<\/div>\n\t\t\t\t<\/div>\n\t\t\t\t<div class=\"elementor-element elementor-element-84550e8 elementor-align-center elementor-invisible elementor-widget elementor-widget-button\" data-id=\"84550e8\" data-element_type=\"widget\" data-settings=\"{&quot;_animation&quot;:&quot;fadeInUp&quot;}\" data-widget_type=\"button.default\">\n\t\t\t\t<div class=\"elementor-widget-container\">\n\t\t\t\t\t<div class=\"elementor-button-wrapper\">\n\t\t\t<a href=\"https:\/\/luuaideas.com\/index.php\/cintas-decorativas\/\" target=\"_blank\" class=\"elementor-button-link elementor-button elementor-size-sm\" role=\"button\">\n\t\t\t\t\t\t<span class=\"elementor-button-content-wrapper\">\n\t\t\t\t\t\t<span class=\"elementor-button-text\">Ver m\u00e1s<\/span>\n\t\t<\/span>\n\t\t\t\t\t<\/a>\n\t\t<\/div>\n\t\t\t\t<\/div>\n\t\t\t\t<\/div>\n\t\t\t\t\t<\/div>\n\t\t<\/div>\n\t\t\t\t<div class=\"elementor-column elementor-col-33 elementor-top-column elementor-element elementor-element-86a3b5c elementor-invisible\" data-id=\"86a3b5c\" data-element_type=\"column\" data-settings=\"{&quot;background_background&quot;:&quot;slideshow&quot;,&quot;background_slideshow_gallery&quot;:[{&quot;id&quot;:258,&quot;url&quot;:&quot;http:\\\/\\\/luuaideas.com\\\/wp-content\\\/uploads\\\/2022\\\/07\\\/1BU-1.png&quot;},{&quot;id&quot;:259,&quot;url&quot;:&quot;http:\\\/\\\/luuaideas.com\\\/wp-content\\\/uploads\\\/2022\\\/07\\\/2BU.png&quot;},{&quot;id&quot;:261,&quot;url&quot;:&quot;http:\\\/\\\/luuaideas.com\\\/wp-content\\\/uploads\\\/2022\\\/07\\\/3BU.png&quot;},{&quot;id&quot;:265,&quot;url&quot;:&quot;http:\\\/\\\/luuaideas.com\\\/wp-content\\\/uploads\\\/2022\\\/07\\\/9BU.png&quot;}],&quot;animation&quot;:&quot;fadeInRight&quot;,&quot;background_slideshow_loop&quot;:&quot;yes&quot;,&quot;background_slideshow_slide_duration&quot;:5000,&quot;background_slideshow_slide_transition&quot;:&quot;fade&quot;,&quot;background_slideshow_transition_duration&quot;:500}\">\n\t\t\t<div class=\"elementor-widget-wrap elementor-element-populated\">\n\t\t\t\t\t\t\t\t<div class=\"elementor-element elementor-element-78ce616 elementor-widget elementor-widget-image\" data-id=\"78ce616\" data-element_type=\"widget\" data-widget_type=\"image.default\">\n\t\t\t\t<div class=\"elementor-widget-container\">\n\t\t\t\t\t\t\t\t\t\t\t\t\t\t\t<img loading=\"lazy\" decoding=\"async\" width=\"1024\" height=\"325\" src=\"https:\/\/luuaideas.com\/wp-content\/uploads\/2022\/08\/BOC-1024x325.png\" class=\"attachment-large size-large\" alt=\"\" srcset=\"https:\/\/luuaideas.com\/wp-content\/uploads\/2022\/08\/BOC-1024x325.png 1024w, https:\/\/luuaideas.com\/wp-content\/uploads\/2022\/08\/BOC-300x95.png 300w, https:\/\/luuaideas.com\/wp-content\/uploads\/2022\/08\/BOC-768x243.png 768w, https:\/\/luuaideas.com\/wp-content\/uploads\/2022\/08\/BOC.png 1429w\" sizes=\"(max-width: 1024px) 100vw, 1024px\" \/>\t\t\t\t\t\t\t\t\t\t\t\t\t\t\t<\/div>\n\t\t\t\t<\/div>\n\t\t\t\t<div class=\"elementor-element elementor-element-05f1661 elementor-widget elementor-widget-spacer\" data-id=\"05f1661\" data-element_type=\"widget\" data-widget_type=\"spacer.default\">\n\t\t\t\t<div class=\"elementor-widget-container\">\n\t\t\t\t\t<div class=\"elementor-spacer\">\n\t\t\t<div class=\"elementor-spacer-inner\"><\/div>\n\t\t<\/div>\n\t\t\t\t<\/div>\n\t\t\t\t<\/div>\n\t\t\t\t<div class=\"elementor-element elementor-element-5d53c31 elementor-align-center elementor-invisible elementor-widget elementor-widget-button\" data-id=\"5d53c31\" data-element_type=\"widget\" data-settings=\"{&quot;_animation&quot;:&quot;fadeInUp&quot;}\" data-widget_type=\"button.default\">\n\t\t\t\t<div class=\"elementor-widget-container\">\n\t\t\t\t\t<div class=\"elementor-button-wrapper\">\n\t\t\t<a href=\"https:\/\/luuaideas.com\/index.php\/bullet-journal\/\" target=\"_blank\" class=\"elementor-button-link elementor-button elementor-size-sm\" role=\"button\">\n\t\t\t\t\t\t<span class=\"elementor-button-content-wrapper\">\n\t\t\t\t\t\t<span class=\"elementor-button-text\">Ver m\u00e1s<\/span>\n\t\t<\/span>\n\t\t\t\t\t<\/a>\n\t\t<\/div>\n\t\t\t\t<\/div>\n\t\t\t\t<\/div>\n\t\t\t\t\t<\/div>\n\t\t<\/div>\n\t\t\t\t\t\t\t<\/div>\n\t\t<\/section>\n\t\t\t\t\t\t\t<\/div>\n\t\t","protected":false},"excerpt":{"rendered":"<p>Ver m\u00e1s Ver m\u00e1s Ver m\u00e1s<\/p>\n","protected":false},"author":1,"featured_media":0,"parent":0,"menu_order":0,"comment_status":"closed","ping_status":"closed","template":"","meta":{"om_disable_all_campaigns":false,"_monsterinsights_skip_tracking":false,"_monsterinsights_sitenote_active":false,"_monsterinsights_sitenote_note":"","_monsterinsights_sitenote_category":0,"site-sidebar-layout":"no-sidebar","site-content-layout":"page-builder","ast-global-header-display":"","ast-main-header-display":"","ast-hfb-above-header-display":"","ast-hfb-below-header-display":"","ast-hfb-mobile-header-display":"","site-post-title":"disabled","ast-breadcrumbs-content":"","ast-featured-img":"disabled","footer-sml-layout":"","theme-transparent-header-meta":"","adv-header-id-meta":"","stick-header-meta":"","header-above-stick-meta":"","header-main-stick-meta":"","header-below-stick-meta":"","footnotes":""},"aioseo_notices":[],"_links":{"self":[{"href":"https:\/\/luuaideas.com\/index.php\/wp-json\/wp\/v2\/pages\/74"}],"collection":[{"href":"https:\/\/luuaideas.com\/index.php\/wp-json\/wp\/v2\/pages"}],"about":[{"href":"https:\/\/luuaideas.com\/index.php\/wp-json\/wp\/v2\/types\/page"}],"author":[{"embeddable":true,"href":"https:\/\/luuaideas.com\/index.php\/wp-json\/wp\/v2\/users\/1"}],"replies":[{"embeddable":true,"href":"https:\/\/luuaideas.com\/index.php\/wp-json\/wp\/v2\/comments?post=74"}],"version-history":[{"count":10,"href":"https:\/\/luuaideas.com\/index.php\/wp-json\/wp\/v2\/pages\/74\/revisions"}],"predecessor-version":[{"id":366,"href":"https:\/\/luuaideas.com\/index.php\/wp-json\/wp\/v2\/pages\/74\/revisions\/366"}],"wp:attachment":[{"href":"https:\/\/luuaideas.com\/index.php\/wp-json\/wp\/v2\/media?parent=74"}],"curies":[{"name":"wp","href":"https:\/\/api.w.org\/{rel}","templated":true}]}}